{"id":3500,"date":"2024-06-05T12:16:01","date_gmt":"2024-06-05T10:16:01","guid":{"rendered":"https:\/\/bilddiagnostik.de\/thank-you-for-your-message\/"},"modified":"2024-06-25T12:56:19","modified_gmt":"2024-06-25T10:56:19","slug":"thank-you-for-your-message","status":"publish","type":"page","link":"https:\/\/bilddiagnostik.de\/en\/thank-you-for-your-message\/","title":{"rendered":"Thank you for your message"},"content":{"rendered":"<div class=\"gb-container gb-container-3bca32ce\">\n\n<h1 class=\"gb-headline gb-headline-516f8123 gb-headline-text\">Thank you for your message<\/h1>\n\n\n\n<h4 class=\"gb-headline gb-headline-15108aeb gb-headline-text\">We will get in touch with you as soon as possible.<\/h4>\n\n<\/div><div class=\"gb-container gb-container-a9e61c2a\">\n\n<h2 class=\"gb-headline gb-headline-2d458421 gb-headline-text\">How to find us:<\/h2>\n\n\n<div class=\"gb-grid-wrapper gb-grid-wrapper-3d490b75\">\n<div class=\"gb-grid-column gb-grid-column-00d7f28e\"><div class=\"gb-container gb-container-00d7f28e\">\n\n<h4 class=\"gb-headline gb-headline-6d1fde6f gb-headline-text\">With the S-Bahn<\/h4>\n\n\n\n<p>Take the S1, S2, S8 or S9 line. Get off at the Offenbach Kaiserlei stop and leave the station in the direction of Br\u00fcsseler Platz. Now walk for approx. 5 min. on foot via Budapester Stra\u00dfe to our practice.<\/p>\n\n<\/div><\/div>\n\n<div class=\"gb-grid-column gb-grid-column-61c3e632\"><div class=\"gb-container gb-container-61c3e632\">\n\n<h4 class=\"gb-headline gb-headline-c8bcfcca gb-headline-text\">By car<\/h4>\n\n\n\n<p>Take the A661 to the Strahlenbergerstra\u00dfe exit. Now turn into Strahlenbergerstra\u00dfe. Follow the road until the junction Strahlenbergerstra\u00dfe \/ Amsterdamer Stra\u00dfe and turn left into Amsterdamer Stra\u00dfe. You will find the entrance to the parking garage a few meters further on the left-hand side.<\/p>\n\n<\/div><\/div>\n\n<div class=\"gb-grid-column gb-grid-column-d8611560\"><div class=\"gb-container gb-container-d8611560\">\n\n<h4 class=\"gb-headline gb-headline-5dc5a961 gb-headline-text\">By bus<\/h4>\n\n\n\n<p>You can also reach us by bus lines 102, 103, 104 and 108. The bus stops Goethering, Warschauer Stra\u00dfe, Amsterdamer Stra\u00dfe and Strahlenbergerstra\u00dfe are in the immediate vicinity of our practice. From there you can reach us in a few minutes on foot.<\/p>\n\n<\/div><\/div>\n<\/div>\n<\/div>","protected":false},"excerpt":{"rendered":"<p>Thank you for your message We will get in touch with you as soon as possible. How to find us:<\/p>\n","protected":false},"author":2,"featured_media":0,"parent":0,"menu_order":0,"comment_status":"closed","ping_status":"closed","template":"","meta":{"_acf_changed":false,"inline_featured_image":false,"footnotes":""},"class_list":{"0":"post-3500","1":"page","2":"type-page","3":"status-publish","5":"infinite-scroll-item"},"acf":[],"_links":{"self":[{"href":"https:\/\/bilddiagnostik.de\/en\/wp-json\/wp\/v2\/pages\/3500","targetHints":{"allow":["GET"]}}],"collection":[{"href":"https:\/\/bilddiagnostik.de\/en\/wp-json\/wp\/v2\/pages"}],"about":[{"href":"https:\/\/bilddiagnostik.de\/en\/wp-json\/wp\/v2\/types\/page"}],"author":[{"embeddable":true,"href":"https:\/\/bilddiagnostik.de\/en\/wp-json\/wp\/v2\/users\/2"}],"replies":[{"embeddable":true,"href":"https:\/\/bilddiagnostik.de\/en\/wp-json\/wp\/v2\/comments?post=3500"}],"version-history":[{"count":1,"href":"https:\/\/bilddiagnostik.de\/en\/wp-json\/wp\/v2\/pages\/3500\/revisions"}],"predecessor-version":[{"id":3501,"href":"https:\/\/bilddiagnostik.de\/en\/wp-json\/wp\/v2\/pages\/3500\/revisions\/3501"}],"wp:attachment":[{"href":"https:\/\/bilddiagnostik.de\/en\/wp-json\/wp\/v2\/media?parent=3500"}],"curies":[{"name":"wp","href":"https:\/\/api.w.org\/{rel}","templated":true}]}}